{"id":476,"date":"2017-06-27T12:55:09","date_gmt":"2017-06-27T10:55:09","guid":{"rendered":"http:\/\/www.pianoforticerabino.com\/wp43\/?page_id=476"},"modified":"2017-06-27T12:59:28","modified_gmt":"2017-06-27T10:59:28","slug":"yamaha-b2esg2pe","status":"publish","type":"page","link":"http:\/\/www.pianoforticerabino.com\/wp43\/index.php\/yamaha-b2esg2pe\/","title":{"rendered":"Yamaha B2ESG2PE"},"content":{"rendered":"<p><img loading=\"lazy\" class=\"aligncenter wp-image-474 size-full\" src=\"http:\/\/www.pianoforticerabino.com\/wp43\/wp-content\/uploads\/2015\/11\/B2esgPE.png\" alt=\"\" width=\"370\" height=\"413\" srcset=\"http:\/\/www.pianoforticerabino.com\/wp43\/wp-content\/uploads\/2015\/11\/B2esgPE.png 370w, http:\/\/www.pianoforticerabino.com\/wp43\/wp-content\/uploads\/2015\/11\/B2esgPE-269x300.png 269w\" sizes=\"(max-width: 370px) 100vw, 370px\" \/><\/p>\n<p>Dimensioni Larghezza 149 centimetri (59 &#8220;)<br \/>\nAltezza 113 centimetri (44 1\/2 &#8220;)<br \/>\nProfondit\u00e0 54cm (20 3\/4 &#8220;)<br \/>\nPeso 207kg (\u00a3 456)<\/p>\n<p>&nbsp;<\/p>\n<p>Con le sue dimensioni pi\u00f9 ampie e struttura pi\u00f9 pesante, il b2 garantisce un suono di qualit\u00e0 superiore con profondit\u00e0 e volume. Per l&#8217;esecutore ambizioso su un bilancio, non c&#8217;\u00e8 miglior strumento.<br \/>\nFunzionalit\u00e0 Silenzioso \u00e8 stato aggiunto a questa b1. Si tratta di un SG2 tipo di tipo Silent Piano \u2122 con una sorgente sonora CFIIIS.<br \/>\nSilent Piano\u00a0\u00e8 la tecnologia\u00a0Yamaha\u00a0che consente di\u00a0suonare il pianoforte con le cuffie, senza disturbare in casa o i vicini, e consentendo allo studente di musica di cimentarsi nell\u2019apprendimento di giorno e di notte, senza arrecare disturbo e in totale isolamento. Con la funzione Silent attivata, infatti, i martelli non percuotono pi\u00f9 le corde, mentre un sensore cattura i movimenti dei tasti e li invia al generatore di suono digitale. Ma la tecnologia Silent Piano \u00e8 ricca anche di altre funzionalit\u00e0, come la possibilit\u00e0 di\u00a0selezionare tra un\u2019ampia gamma di suoni, o di\u00a0registrare le proprie performance\u00a0o ancora dicollegarsi a dispositivi mobili\u00a0per l\u2019utilizzo delle nuove applicazioni.<\/p>\n<p>Caratteristiche \/\u00a0Metodo di campionamento:<\/p>\n<p>suoni 10<br \/>\npolifonia 64<br \/>\nwave rom 30 mb<br \/>\nBrillantezza &#8211; \u00a0SI<br \/>\nvariazioni di suono &#8211; \u00a0SI<\/p>\n<p>Funzionalit\u00e0:<\/p>\n<p>riverbero &#8211; SI<br \/>\nbrani interni 50<br \/>\nmidi recording &#8211; SI<br \/>\napps &#8211; SI<\/p>\n<p>Connettori:<br \/>\nmidi ( IN\/OUT) &#8211; SI<br \/>\nusb &#8211; Si<br \/>\nuscite cuffie 2<br \/>\nAUX (IN\/OUT) &#8211; SI<\/p>\n<p>impostazioni:<\/p>\n<p>keyboard tuning &#8211; SI<br \/>\nauto-spegnimento &#8211; SI<\/p>\n<p>tecnologia:<\/p>\n<p>QuickEscape &#8211; solo nei coda<br \/>\nbarra di silenziamento &#8211; SI<br \/>\nsensore del tasto &#8211; SI<\/p>\n<p>Accessori:<\/p>\n<p>cuffie HPH-200<\/p>\n","protected":false},"excerpt":{"rendered":"<p>Dimensioni Larghezza 149 centimetri (59 &#8220;) Altezza 113 centimetri (44 1\/2 &#8220;) Profondit\u00e0 54cm (20 3\/4 &#8220;) Peso 207kg (\u00a3 456) &nbsp; Con le sue dimensioni pi\u00f9 ampie e struttura pi\u00f9 pesante, il b2 garantisce un suono di qualit\u00e0 superiore con profondit\u00e0 e volume. Per l&#8217;esecutore ambizioso su un bilancio, non c&#8217;\u00e8 miglior strumento. Funzionalit\u00e0 &hellip; <\/p>\n<p class=\"link-more\"><a href=\"http:\/\/www.pianoforticerabino.com\/wp43\/index.php\/yamaha-b2esg2pe\/\" class=\"more-link\">Leggi tutto<span class=\"screen-reader-text\"> &#8220;Yamaha B2ESG2PE&#8221;<\/span><\/a><\/p>\n","protected":false},"author":1,"featured_media":0,"parent":0,"menu_order":0,"comment_status":"closed","ping_status":"closed","template":"","meta":[],"_links":{"self":[{"href":"http:\/\/www.pianoforticerabino.com\/wp43\/index.php\/wp-json\/wp\/v2\/pages\/476"}],"collection":[{"href":"http:\/\/www.pianoforticerabino.com\/wp43\/index.php\/wp-json\/wp\/v2\/pages"}],"about":[{"href":"http:\/\/www.pianoforticerabino.com\/wp43\/index.php\/wp-json\/wp\/v2\/types\/page"}],"author":[{"embeddable":true,"href":"http:\/\/www.pianoforticerabino.com\/wp43\/index.php\/wp-json\/wp\/v2\/users\/1"}],"replies":[{"embeddable":true,"href":"http:\/\/www.pianoforticerabino.com\/wp43\/index.php\/wp-json\/wp\/v2\/comments?post=476"}],"version-history":[{"count":2,"href":"http:\/\/www.pianoforticerabino.com\/wp43\/index.php\/wp-json\/wp\/v2\/pages\/476\/revisions"}],"predecessor-version":[{"id":479,"href":"http:\/\/www.pianoforticerabino.com\/wp43\/index.php\/wp-json\/wp\/v2\/pages\/476\/revisions\/479"}],"wp:attachment":[{"href":"http:\/\/www.pianoforticerabino.com\/wp43\/index.php\/wp-json\/wp\/v2\/media?parent=476"}],"curies":[{"name":"wp","href":"https:\/\/api.w.org\/{rel}","templated":true}]}}